{"id":5611,"date":"2016-03-10T14:13:49","date_gmt":"2016-03-10T14:13:49","guid":{"rendered":"http:\/\/ossmozambique.com\/?page_id=5611&#038;lang=pt-pt"},"modified":"2016-03-31T10:29:27","modified_gmt":"2016-03-31T10:29:27","slug":"pagina-inicial","status":"publish","type":"page","link":"https:\/\/ossmozambique.com\/pt-pt\/","title":{"rendered":"P\u00e1gina Inicial"},"content":{"rendered":"","protected":false},"excerpt":{"rendered":"","protected":false},"author":1,"featured_media":0,"parent":0,"menu_order":0,"comment_status":"closed","ping_status":"open","template":"","meta":{"footnotes":""},"class_list":["post-5611","page","type-page","status-publish","hentry"],"yoast_head":"<!-- This site is optimized with the Yoast SEO plugin v27.3 - https:\/\/yoast.com\/product\/yoast-seo-wordpress\/ -->\n<title>Solu\u00e7\u00f5es de Armazenamento | Servi\u00e7os de Armazenamento em Mo\u00e7ambique \/ OSS Mozambique<\/title>\n<meta name=\"description\" content=\"A OSS Mozambique oferece solu\u00e7\u00f5es de armazenamento em Mo\u00e7ambique. Se est\u00e1 interessado em unidades de armazenamento, servi\u00e7os de armazenamento feitos \u00e0 medida do seu neg\u00f3cio ou de laborat\u00f3rios de testes, os nossos armaz\u00e9ns correspondem exatamente \u00e0s suas necessidades.\" \/>\n<meta name=\"robots\" content=\"index, follow, max-snippet:-1, max-image-preview:large, max-video-preview:-1\" \/>\n<link rel=\"canonical\" href=\"https:\/\/ossmozambique.com\/pt-pt\/\" \/>\n<meta property=\"og:locale\" content=\"pt_PT\" \/>\n<meta property=\"og:type\" content=\"article\" \/>\n<meta property=\"og:title\" content=\"Solu\u00e7\u00f5es de Armazenamento | Servi\u00e7os de Armazenamento em Mo\u00e7ambique \/ OSS Mozambique\" \/>\n<meta property=\"og:description\" content=\"A OSS Mozambique oferece solu\u00e7\u00f5es de armazenamento em Mo\u00e7ambique. Se est\u00e1 interessado em unidades de armazenamento, servi\u00e7os de armazenamento feitos \u00e0 medida do seu neg\u00f3cio ou de laborat\u00f3rios de testes, os nossos armaz\u00e9ns correspondem exatamente \u00e0s suas necessidades.\" \/>\n<meta property=\"og:url\" content=\"https:\/\/ossmozambique.com\/pt-pt\/\" \/>\n<meta property=\"og:site_name\" content=\"Warehousing Solutions &amp; Storage Services in Mozambique\" \/>\n<meta property=\"article:modified_time\" content=\"2016-03-31T10:29:27+00:00\" \/>\n<meta name=\"twitter:card\" content=\"summary_large_image\" \/>\n<script type=\"application\/ld+json\" class=\"yoast-schema-graph\">{\"@context\":\"https:\\\/\\\/schema.org\",\"@graph\":[{\"@type\":\"WebPage\",\"@id\":\"https:\\\/\\\/ossmozambique.com\\\/pt-pt\\\/\",\"url\":\"https:\\\/\\\/ossmozambique.com\\\/pt-pt\\\/\",\"name\":\"Solu\u00e7\u00f5es de Armazenamento | Servi\u00e7os de Armazenamento em Mo\u00e7ambique \\\/ OSS Mozambique\",\"isPartOf\":{\"@id\":\"https:\\\/\\\/ossmozambique.com\\\/#website\"},\"datePublished\":\"2016-03-10T14:13:49+00:00\",\"dateModified\":\"2016-03-31T10:29:27+00:00\",\"description\":\"A OSS Mozambique oferece solu\u00e7\u00f5es de armazenamento em Mo\u00e7ambique. Se est\u00e1 interessado em unidades de armazenamento, servi\u00e7os de armazenamento feitos \u00e0 medida do seu neg\u00f3cio ou de laborat\u00f3rios de testes, os nossos armaz\u00e9ns correspondem exatamente \u00e0s suas necessidades.\",\"breadcrumb\":{\"@id\":\"https:\\\/\\\/ossmozambique.com\\\/pt-pt\\\/#breadcrumb\"},\"inLanguage\":\"pt-PT\",\"potentialAction\":[{\"@type\":\"ReadAction\",\"target\":[\"https:\\\/\\\/ossmozambique.com\\\/pt-pt\\\/\"]}]},{\"@type\":\"BreadcrumbList\",\"@id\":\"https:\\\/\\\/ossmozambique.com\\\/pt-pt\\\/#breadcrumb\",\"itemListElement\":[{\"@type\":\"ListItem\",\"position\":1,\"name\":\"Home\",\"item\":\"https:\\\/\\\/ossmozambique.com\\\/pt-pt\\\/\"},{\"@type\":\"ListItem\",\"position\":2,\"name\":\"P\u00e1gina Inicial\"}]},{\"@type\":\"WebSite\",\"@id\":\"https:\\\/\\\/ossmozambique.com\\\/#website\",\"url\":\"https:\\\/\\\/ossmozambique.com\\\/\",\"name\":\"Warehousing Solutions &amp; Storage Services in Mozambique\",\"description\":false,\"potentialAction\":[{\"@type\":\"SearchAction\",\"target\":{\"@type\":\"EntryPoint\",\"urlTemplate\":\"https:\\\/\\\/ossmozambique.com\\\/?s={search_term_string}\"},\"query-input\":{\"@type\":\"PropertyValueSpecification\",\"valueRequired\":true,\"valueName\":\"search_term_string\"}}],\"inLanguage\":\"pt-PT\"}]}<\/script>\n<!-- \/ Yoast SEO plugin. -->","yoast_head_json":{"title":"Solu\u00e7\u00f5es de Armazenamento | Servi\u00e7os de Armazenamento em Mo\u00e7ambique \/ OSS Mozambique","description":"A OSS Mozambique oferece solu\u00e7\u00f5es de armazenamento em Mo\u00e7ambique. Se est\u00e1 interessado em unidades de armazenamento, servi\u00e7os de armazenamento feitos \u00e0 medida do seu neg\u00f3cio ou de laborat\u00f3rios de testes, os nossos armaz\u00e9ns correspondem exatamente \u00e0s suas necessidades.","robots":{"index":"index","follow":"follow","max-snippet":"max-snippet:-1","max-image-preview":"max-image-preview:large","max-video-preview":"max-video-preview:-1"},"canonical":"https:\/\/ossmozambique.com\/pt-pt\/","og_locale":"pt_PT","og_type":"article","og_title":"Solu\u00e7\u00f5es de Armazenamento | Servi\u00e7os de Armazenamento em Mo\u00e7ambique \/ OSS Mozambique","og_description":"A OSS Mozambique oferece solu\u00e7\u00f5es de armazenamento em Mo\u00e7ambique. Se est\u00e1 interessado em unidades de armazenamento, servi\u00e7os de armazenamento feitos \u00e0 medida do seu neg\u00f3cio ou de laborat\u00f3rios de testes, os nossos armaz\u00e9ns correspondem exatamente \u00e0s suas necessidades.","og_url":"https:\/\/ossmozambique.com\/pt-pt\/","og_site_name":"Warehousing Solutions &amp; Storage Services in Mozambique","article_modified_time":"2016-03-31T10:29:27+00:00","twitter_card":"summary_large_image","schema":{"@context":"https:\/\/schema.org","@graph":[{"@type":"WebPage","@id":"https:\/\/ossmozambique.com\/pt-pt\/","url":"https:\/\/ossmozambique.com\/pt-pt\/","name":"Solu\u00e7\u00f5es de Armazenamento | Servi\u00e7os de Armazenamento em Mo\u00e7ambique \/ OSS Mozambique","isPartOf":{"@id":"https:\/\/ossmozambique.com\/#website"},"datePublished":"2016-03-10T14:13:49+00:00","dateModified":"2016-03-31T10:29:27+00:00","description":"A OSS Mozambique oferece solu\u00e7\u00f5es de armazenamento em Mo\u00e7ambique. Se est\u00e1 interessado em unidades de armazenamento, servi\u00e7os de armazenamento feitos \u00e0 medida do seu neg\u00f3cio ou de laborat\u00f3rios de testes, os nossos armaz\u00e9ns correspondem exatamente \u00e0s suas necessidades.","breadcrumb":{"@id":"https:\/\/ossmozambique.com\/pt-pt\/#breadcrumb"},"inLanguage":"pt-PT","potentialAction":[{"@type":"ReadAction","target":["https:\/\/ossmozambique.com\/pt-pt\/"]}]},{"@type":"BreadcrumbList","@id":"https:\/\/ossmozambique.com\/pt-pt\/#breadcrumb","itemListElement":[{"@type":"ListItem","position":1,"name":"Home","item":"https:\/\/ossmozambique.com\/pt-pt\/"},{"@type":"ListItem","position":2,"name":"P\u00e1gina Inicial"}]},{"@type":"WebSite","@id":"https:\/\/ossmozambique.com\/#website","url":"https:\/\/ossmozambique.com\/","name":"Warehousing Solutions &amp; Storage Services in Mozambique","description":false,"potentialAction":[{"@type":"SearchAction","target":{"@type":"EntryPoint","urlTemplate":"https:\/\/ossmozambique.com\/?s={search_term_string}"},"query-input":{"@type":"PropertyValueSpecification","valueRequired":true,"valueName":"search_term_string"}}],"inLanguage":"pt-PT"}]}},"_links":{"self":[{"href":"https:\/\/ossmozambique.com\/pt-pt\/wp-json\/wp\/v2\/pages\/5611","targetHints":{"allow":["GET"]}}],"collection":[{"href":"https:\/\/ossmozambique.com\/pt-pt\/wp-json\/wp\/v2\/pages"}],"about":[{"href":"https:\/\/ossmozambique.com\/pt-pt\/wp-json\/wp\/v2\/types\/page"}],"author":[{"embeddable":true,"href":"https:\/\/ossmozambique.com\/pt-pt\/wp-json\/wp\/v2\/users\/1"}],"replies":[{"embeddable":true,"href":"https:\/\/ossmozambique.com\/pt-pt\/wp-json\/wp\/v2\/comments?post=5611"}],"version-history":[{"count":13,"href":"https:\/\/ossmozambique.com\/pt-pt\/wp-json\/wp\/v2\/pages\/5611\/revisions"}],"predecessor-version":[{"id":5906,"href":"https:\/\/ossmozambique.com\/pt-pt\/wp-json\/wp\/v2\/pages\/5611\/revisions\/5906"}],"wp:attachment":[{"href":"https:\/\/ossmozambique.com\/pt-pt\/wp-json\/wp\/v2\/media?parent=5611"}],"curies":[{"name":"wp","href":"https:\/\/api.w.org\/{rel}","templated":true}]}}