{"id":5841,"date":"2016-03-30T17:55:28","date_gmt":"2016-03-30T17:55:28","guid":{"rendered":"http:\/\/ossmozambique.com\/pt-pt\/?page_id=5841"},"modified":"2016-04-04T15:09:36","modified_gmt":"2016-04-04T15:09:36","slug":"pemba","status":"publish","type":"page","link":"https:\/\/ossmozambique.com\/pt-pt\/pemba\/","title":{"rendered":"Pemba"},"content":{"rendered":"","protected":false},"excerpt":{"rendered":"","protected":false},"author":1,"featured_media":0,"parent":0,"menu_order":0,"comment_status":"closed","ping_status":"closed","template":"","meta":{"footnotes":""},"class_list":["post-5841","page","type-page","status-publish","hentry"],"yoast_head":"<!-- This site is optimized with the Yoast SEO plugin v27.3 - https:\/\/yoast.com\/product\/yoast-seo-wordpress\/ -->\n<title>Unidades Industriais em Pemba | Armazenamento Profissional da OSS Mozambique<\/title>\n<meta name=\"description\" content=\"A OSS Mozambique \u00e9 especializada na oferta de servi\u00e7os de armazenamento e unidades industriais para empresas que operam na ind\u00fastria de explora\u00e7\u00e3o do g\u00e1s e petr\u00f3leo em Pemba. As nossas instala\u00e7\u00f5es e armaz\u00e9ns em Pemba s\u00e3o ideais para a log\u00edstica e armazenamento de equipamentos utilizados neste sector.\" \/>\n<meta name=\"robots\" content=\"index, follow, max-snippet:-1, max-image-preview:large, max-video-preview:-1\" \/>\n<link rel=\"canonical\" href=\"https:\/\/ossmozambique.com\/pt-pt\/pemba\/\" \/>\n<meta property=\"og:locale\" content=\"pt_PT\" \/>\n<meta property=\"og:type\" content=\"article\" \/>\n<meta property=\"og:title\" content=\"Unidades Industriais em Pemba | Armazenamento Profissional da OSS Mozambique\" \/>\n<meta property=\"og:description\" content=\"A OSS Mozambique \u00e9 especializada na oferta de servi\u00e7os de armazenamento e unidades industriais para empresas que operam na ind\u00fastria de explora\u00e7\u00e3o do g\u00e1s e petr\u00f3leo em Pemba. As nossas instala\u00e7\u00f5es e armaz\u00e9ns em Pemba s\u00e3o ideais para a log\u00edstica e armazenamento de equipamentos utilizados neste sector.\" \/>\n<meta property=\"og:url\" content=\"https:\/\/ossmozambique.com\/pt-pt\/pemba\/\" \/>\n<meta property=\"og:site_name\" content=\"Warehousing Solutions &amp; Storage Services in Mozambique\" \/>\n<meta property=\"article:modified_time\" content=\"2016-04-04T15:09:36+00:00\" \/>\n<meta name=\"twitter:card\" content=\"summary_large_image\" \/>\n<script type=\"application\/ld+json\" class=\"yoast-schema-graph\">{\"@context\":\"https:\\\/\\\/schema.org\",\"@graph\":[{\"@type\":\"WebPage\",\"@id\":\"https:\\\/\\\/ossmozambique.com\\\/pt-pt\\\/pemba\\\/\",\"url\":\"https:\\\/\\\/ossmozambique.com\\\/pt-pt\\\/pemba\\\/\",\"name\":\"Unidades Industriais em Pemba | Armazenamento Profissional da OSS Mozambique\",\"isPartOf\":{\"@id\":\"https:\\\/\\\/ossmozambique.com\\\/#website\"},\"datePublished\":\"2016-03-30T17:55:28+00:00\",\"dateModified\":\"2016-04-04T15:09:36+00:00\",\"description\":\"A OSS Mozambique \u00e9 especializada na oferta de servi\u00e7os de armazenamento e unidades industriais para empresas que operam na ind\u00fastria de explora\u00e7\u00e3o do g\u00e1s e petr\u00f3leo em Pemba. As nossas instala\u00e7\u00f5es e armaz\u00e9ns em Pemba s\u00e3o ideais para a log\u00edstica e armazenamento de equipamentos utilizados neste sector.\",\"breadcrumb\":{\"@id\":\"https:\\\/\\\/ossmozambique.com\\\/pt-pt\\\/pemba\\\/#breadcrumb\"},\"inLanguage\":\"pt-PT\",\"potentialAction\":[{\"@type\":\"ReadAction\",\"target\":[\"https:\\\/\\\/ossmozambique.com\\\/pt-pt\\\/pemba\\\/\"]}]},{\"@type\":\"BreadcrumbList\",\"@id\":\"https:\\\/\\\/ossmozambique.com\\\/pt-pt\\\/pemba\\\/#breadcrumb\",\"itemListElement\":[{\"@type\":\"ListItem\",\"position\":1,\"name\":\"Home\",\"item\":\"https:\\\/\\\/ossmozambique.com\\\/pt-pt\\\/\"},{\"@type\":\"ListItem\",\"position\":2,\"name\":\"Pemba\"}]},{\"@type\":\"WebSite\",\"@id\":\"https:\\\/\\\/ossmozambique.com\\\/#website\",\"url\":\"https:\\\/\\\/ossmozambique.com\\\/\",\"name\":\"Warehousing Solutions &amp; Storage Services in Mozambique\",\"description\":false,\"potentialAction\":[{\"@type\":\"SearchAction\",\"target\":{\"@type\":\"EntryPoint\",\"urlTemplate\":\"https:\\\/\\\/ossmozambique.com\\\/?s={search_term_string}\"},\"query-input\":{\"@type\":\"PropertyValueSpecification\",\"valueRequired\":true,\"valueName\":\"search_term_string\"}}],\"inLanguage\":\"pt-PT\"}]}<\/script>\n<!-- \/ Yoast SEO plugin. -->","yoast_head_json":{"title":"Unidades Industriais em Pemba | Armazenamento Profissional da OSS Mozambique","description":"A OSS Mozambique \u00e9 especializada na oferta de servi\u00e7os de armazenamento e unidades industriais para empresas que operam na ind\u00fastria de explora\u00e7\u00e3o do g\u00e1s e petr\u00f3leo em Pemba. As nossas instala\u00e7\u00f5es e armaz\u00e9ns em Pemba s\u00e3o ideais para a log\u00edstica e armazenamento de equipamentos utilizados neste sector.","robots":{"index":"index","follow":"follow","max-snippet":"max-snippet:-1","max-image-preview":"max-image-preview:large","max-video-preview":"max-video-preview:-1"},"canonical":"https:\/\/ossmozambique.com\/pt-pt\/pemba\/","og_locale":"pt_PT","og_type":"article","og_title":"Unidades Industriais em Pemba | Armazenamento Profissional da OSS Mozambique","og_description":"A OSS Mozambique \u00e9 especializada na oferta de servi\u00e7os de armazenamento e unidades industriais para empresas que operam na ind\u00fastria de explora\u00e7\u00e3o do g\u00e1s e petr\u00f3leo em Pemba. As nossas instala\u00e7\u00f5es e armaz\u00e9ns em Pemba s\u00e3o ideais para a log\u00edstica e armazenamento de equipamentos utilizados neste sector.","og_url":"https:\/\/ossmozambique.com\/pt-pt\/pemba\/","og_site_name":"Warehousing Solutions &amp; Storage Services in Mozambique","article_modified_time":"2016-04-04T15:09:36+00:00","twitter_card":"summary_large_image","schema":{"@context":"https:\/\/schema.org","@graph":[{"@type":"WebPage","@id":"https:\/\/ossmozambique.com\/pt-pt\/pemba\/","url":"https:\/\/ossmozambique.com\/pt-pt\/pemba\/","name":"Unidades Industriais em Pemba | Armazenamento Profissional da OSS Mozambique","isPartOf":{"@id":"https:\/\/ossmozambique.com\/#website"},"datePublished":"2016-03-30T17:55:28+00:00","dateModified":"2016-04-04T15:09:36+00:00","description":"A OSS Mozambique \u00e9 especializada na oferta de servi\u00e7os de armazenamento e unidades industriais para empresas que operam na ind\u00fastria de explora\u00e7\u00e3o do g\u00e1s e petr\u00f3leo em Pemba. As nossas instala\u00e7\u00f5es e armaz\u00e9ns em Pemba s\u00e3o ideais para a log\u00edstica e armazenamento de equipamentos utilizados neste sector.","breadcrumb":{"@id":"https:\/\/ossmozambique.com\/pt-pt\/pemba\/#breadcrumb"},"inLanguage":"pt-PT","potentialAction":[{"@type":"ReadAction","target":["https:\/\/ossmozambique.com\/pt-pt\/pemba\/"]}]},{"@type":"BreadcrumbList","@id":"https:\/\/ossmozambique.com\/pt-pt\/pemba\/#breadcrumb","itemListElement":[{"@type":"ListItem","position":1,"name":"Home","item":"https:\/\/ossmozambique.com\/pt-pt\/"},{"@type":"ListItem","position":2,"name":"Pemba"}]},{"@type":"WebSite","@id":"https:\/\/ossmozambique.com\/#website","url":"https:\/\/ossmozambique.com\/","name":"Warehousing Solutions &amp; Storage Services in Mozambique","description":false,"potentialAction":[{"@type":"SearchAction","target":{"@type":"EntryPoint","urlTemplate":"https:\/\/ossmozambique.com\/?s={search_term_string}"},"query-input":{"@type":"PropertyValueSpecification","valueRequired":true,"valueName":"search_term_string"}}],"inLanguage":"pt-PT"}]}},"_links":{"self":[{"href":"https:\/\/ossmozambique.com\/pt-pt\/wp-json\/wp\/v2\/pages\/5841","targetHints":{"allow":["GET"]}}],"collection":[{"href":"https:\/\/ossmozambique.com\/pt-pt\/wp-json\/wp\/v2\/pages"}],"about":[{"href":"https:\/\/ossmozambique.com\/pt-pt\/wp-json\/wp\/v2\/types\/page"}],"author":[{"embeddable":true,"href":"https:\/\/ossmozambique.com\/pt-pt\/wp-json\/wp\/v2\/users\/1"}],"replies":[{"embeddable":true,"href":"https:\/\/ossmozambique.com\/pt-pt\/wp-json\/wp\/v2\/comments?post=5841"}],"version-history":[{"count":6,"href":"https:\/\/ossmozambique.com\/pt-pt\/wp-json\/wp\/v2\/pages\/5841\/revisions"}],"predecessor-version":[{"id":5915,"href":"https:\/\/ossmozambique.com\/pt-pt\/wp-json\/wp\/v2\/pages\/5841\/revisions\/5915"}],"wp:attachment":[{"href":"https:\/\/ossmozambique.com\/pt-pt\/wp-json\/wp\/v2\/media?parent=5841"}],"curies":[{"name":"wp","href":"https:\/\/api.w.org\/{rel}","templated":true}]}}