{"id":5846,"date":"2016-03-30T18:01:55","date_gmt":"2016-03-30T18:01:55","guid":{"rendered":"http:\/\/ossmozambique.com\/pt-pt\/?page_id=5846"},"modified":"2016-04-04T14:36:19","modified_gmt":"2016-04-04T14:36:19","slug":"maputo","status":"publish","type":"page","link":"https:\/\/ossmozambique.com\/pt-pt\/maputo\/","title":{"rendered":"Maputo"},"content":{"rendered":"","protected":false},"excerpt":{"rendered":"","protected":false},"author":1,"featured_media":0,"parent":0,"menu_order":0,"comment_status":"closed","ping_status":"closed","template":"","meta":{"footnotes":""},"class_list":["post-5846","page","type-page","status-publish","hentry"],"yoast_head":"<!-- This site is optimized with the Yoast SEO plugin v27.3 - https:\/\/yoast.com\/product\/yoast-seo-wordpress\/ -->\n<title>Utilize os Servi\u00e7os de Armazenamento da OSS Mozambique em Maputo | A OSS Mozambique oferece Solu\u00e7\u00f5es de Armazenamento \u00e0 Sua Medida<\/title>\n<meta name=\"description\" content=\"A OSS Mozambique oferece diversas unidades de armazenamento em Maputo. Se procura solu\u00e7\u00f5es de armazenamento profissionais para o seu neg\u00f3cio, os nossos servi\u00e7os de armazenamento s\u00e3o exatamente aquilo que procura.\" \/>\n<meta name=\"robots\" content=\"index, follow, max-snippet:-1, max-image-preview:large, max-video-preview:-1\" \/>\n<link rel=\"canonical\" href=\"https:\/\/ossmozambique.com\/pt-pt\/maputo\/\" \/>\n<meta property=\"og:locale\" content=\"pt_PT\" \/>\n<meta property=\"og:type\" content=\"article\" \/>\n<meta property=\"og:title\" content=\"Utilize os Servi\u00e7os de Armazenamento da OSS Mozambique em Maputo | A OSS Mozambique oferece Solu\u00e7\u00f5es de Armazenamento \u00e0 Sua Medida\" \/>\n<meta property=\"og:description\" content=\"A OSS Mozambique oferece diversas unidades de armazenamento em Maputo. Se procura solu\u00e7\u00f5es de armazenamento profissionais para o seu neg\u00f3cio, os nossos servi\u00e7os de armazenamento s\u00e3o exatamente aquilo que procura.\" \/>\n<meta property=\"og:url\" content=\"https:\/\/ossmozambique.com\/pt-pt\/maputo\/\" \/>\n<meta property=\"og:site_name\" content=\"Warehousing Solutions &amp; Storage Services in Mozambique\" \/>\n<meta property=\"article:modified_time\" content=\"2016-04-04T14:36:19+00:00\" \/>\n<meta name=\"twitter:card\" content=\"summary_large_image\" \/>\n<script type=\"application\/ld+json\" class=\"yoast-schema-graph\">{\"@context\":\"https:\\\/\\\/schema.org\",\"@graph\":[{\"@type\":\"WebPage\",\"@id\":\"https:\\\/\\\/ossmozambique.com\\\/pt-pt\\\/maputo\\\/\",\"url\":\"https:\\\/\\\/ossmozambique.com\\\/pt-pt\\\/maputo\\\/\",\"name\":\"Utilize os Servi\u00e7os de Armazenamento da OSS Mozambique em Maputo | A OSS Mozambique oferece Solu\u00e7\u00f5es de Armazenamento \u00e0 Sua Medida\",\"isPartOf\":{\"@id\":\"https:\\\/\\\/ossmozambique.com\\\/#website\"},\"datePublished\":\"2016-03-30T18:01:55+00:00\",\"dateModified\":\"2016-04-04T14:36:19+00:00\",\"description\":\"A OSS Mozambique oferece diversas unidades de armazenamento em Maputo. Se procura solu\u00e7\u00f5es de armazenamento profissionais para o seu neg\u00f3cio, os nossos servi\u00e7os de armazenamento s\u00e3o exatamente aquilo que procura.\",\"breadcrumb\":{\"@id\":\"https:\\\/\\\/ossmozambique.com\\\/pt-pt\\\/maputo\\\/#breadcrumb\"},\"inLanguage\":\"pt-PT\",\"potentialAction\":[{\"@type\":\"ReadAction\",\"target\":[\"https:\\\/\\\/ossmozambique.com\\\/pt-pt\\\/maputo\\\/\"]}]},{\"@type\":\"BreadcrumbList\",\"@id\":\"https:\\\/\\\/ossmozambique.com\\\/pt-pt\\\/maputo\\\/#breadcrumb\",\"itemListElement\":[{\"@type\":\"ListItem\",\"position\":1,\"name\":\"Home\",\"item\":\"https:\\\/\\\/ossmozambique.com\\\/pt-pt\\\/\"},{\"@type\":\"ListItem\",\"position\":2,\"name\":\"Maputo\"}]},{\"@type\":\"WebSite\",\"@id\":\"https:\\\/\\\/ossmozambique.com\\\/#website\",\"url\":\"https:\\\/\\\/ossmozambique.com\\\/\",\"name\":\"Warehousing Solutions &amp; Storage Services in Mozambique\",\"description\":false,\"potentialAction\":[{\"@type\":\"SearchAction\",\"target\":{\"@type\":\"EntryPoint\",\"urlTemplate\":\"https:\\\/\\\/ossmozambique.com\\\/?s={search_term_string}\"},\"query-input\":{\"@type\":\"PropertyValueSpecification\",\"valueRequired\":true,\"valueName\":\"search_term_string\"}}],\"inLanguage\":\"pt-PT\"}]}<\/script>\n<!-- \/ Yoast SEO plugin. -->","yoast_head_json":{"title":"Utilize os Servi\u00e7os de Armazenamento da OSS Mozambique em Maputo | A OSS Mozambique oferece Solu\u00e7\u00f5es de Armazenamento \u00e0 Sua Medida","description":"A OSS Mozambique oferece diversas unidades de armazenamento em Maputo. Se procura solu\u00e7\u00f5es de armazenamento profissionais para o seu neg\u00f3cio, os nossos servi\u00e7os de armazenamento s\u00e3o exatamente aquilo que procura.","robots":{"index":"index","follow":"follow","max-snippet":"max-snippet:-1","max-image-preview":"max-image-preview:large","max-video-preview":"max-video-preview:-1"},"canonical":"https:\/\/ossmozambique.com\/pt-pt\/maputo\/","og_locale":"pt_PT","og_type":"article","og_title":"Utilize os Servi\u00e7os de Armazenamento da OSS Mozambique em Maputo | A OSS Mozambique oferece Solu\u00e7\u00f5es de Armazenamento \u00e0 Sua Medida","og_description":"A OSS Mozambique oferece diversas unidades de armazenamento em Maputo. Se procura solu\u00e7\u00f5es de armazenamento profissionais para o seu neg\u00f3cio, os nossos servi\u00e7os de armazenamento s\u00e3o exatamente aquilo que procura.","og_url":"https:\/\/ossmozambique.com\/pt-pt\/maputo\/","og_site_name":"Warehousing Solutions &amp; Storage Services in Mozambique","article_modified_time":"2016-04-04T14:36:19+00:00","twitter_card":"summary_large_image","schema":{"@context":"https:\/\/schema.org","@graph":[{"@type":"WebPage","@id":"https:\/\/ossmozambique.com\/pt-pt\/maputo\/","url":"https:\/\/ossmozambique.com\/pt-pt\/maputo\/","name":"Utilize os Servi\u00e7os de Armazenamento da OSS Mozambique em Maputo | A OSS Mozambique oferece Solu\u00e7\u00f5es de Armazenamento \u00e0 Sua Medida","isPartOf":{"@id":"https:\/\/ossmozambique.com\/#website"},"datePublished":"2016-03-30T18:01:55+00:00","dateModified":"2016-04-04T14:36:19+00:00","description":"A OSS Mozambique oferece diversas unidades de armazenamento em Maputo. Se procura solu\u00e7\u00f5es de armazenamento profissionais para o seu neg\u00f3cio, os nossos servi\u00e7os de armazenamento s\u00e3o exatamente aquilo que procura.","breadcrumb":{"@id":"https:\/\/ossmozambique.com\/pt-pt\/maputo\/#breadcrumb"},"inLanguage":"pt-PT","potentialAction":[{"@type":"ReadAction","target":["https:\/\/ossmozambique.com\/pt-pt\/maputo\/"]}]},{"@type":"BreadcrumbList","@id":"https:\/\/ossmozambique.com\/pt-pt\/maputo\/#breadcrumb","itemListElement":[{"@type":"ListItem","position":1,"name":"Home","item":"https:\/\/ossmozambique.com\/pt-pt\/"},{"@type":"ListItem","position":2,"name":"Maputo"}]},{"@type":"WebSite","@id":"https:\/\/ossmozambique.com\/#website","url":"https:\/\/ossmozambique.com\/","name":"Warehousing Solutions &amp; Storage Services in Mozambique","description":false,"potentialAction":[{"@type":"SearchAction","target":{"@type":"EntryPoint","urlTemplate":"https:\/\/ossmozambique.com\/?s={search_term_string}"},"query-input":{"@type":"PropertyValueSpecification","valueRequired":true,"valueName":"search_term_string"}}],"inLanguage":"pt-PT"}]}},"_links":{"self":[{"href":"https:\/\/ossmozambique.com\/pt-pt\/wp-json\/wp\/v2\/pages\/5846","targetHints":{"allow":["GET"]}}],"collection":[{"href":"https:\/\/ossmozambique.com\/pt-pt\/wp-json\/wp\/v2\/pages"}],"about":[{"href":"https:\/\/ossmozambique.com\/pt-pt\/wp-json\/wp\/v2\/types\/page"}],"author":[{"embeddable":true,"href":"https:\/\/ossmozambique.com\/pt-pt\/wp-json\/wp\/v2\/users\/1"}],"replies":[{"embeddable":true,"href":"https:\/\/ossmozambique.com\/pt-pt\/wp-json\/wp\/v2\/comments?post=5846"}],"version-history":[{"count":4,"href":"https:\/\/ossmozambique.com\/pt-pt\/wp-json\/wp\/v2\/pages\/5846\/revisions"}],"predecessor-version":[{"id":5909,"href":"https:\/\/ossmozambique.com\/pt-pt\/wp-json\/wp\/v2\/pages\/5846\/revisions\/5909"}],"wp:attachment":[{"href":"https:\/\/ossmozambique.com\/pt-pt\/wp-json\/wp\/v2\/media?parent=5846"}],"curies":[{"name":"wp","href":"https:\/\/api.w.org\/{rel}","templated":true}]}}