{"id":5853,"date":"2016-03-30T18:12:16","date_gmt":"2016-03-30T18:12:16","guid":{"rendered":"http:\/\/ossmozambique.com\/pt-pt\/?page_id=5853"},"modified":"2016-03-30T18:18:56","modified_gmt":"2016-03-30T18:18:56","slug":"codigo-de-conduta","status":"publish","type":"page","link":"https:\/\/ossmozambique.com\/pt-pt\/codigo-de-conduta\/","title":{"rendered":"C\u00f3digo de Conduta"},"content":{"rendered":"","protected":false},"excerpt":{"rendered":"","protected":false},"author":1,"featured_media":0,"parent":0,"menu_order":0,"comment_status":"closed","ping_status":"closed","template":"","meta":{"footnotes":""},"class_list":["post-5853","page","type-page","status-publish","hentry"],"yoast_head":"<!-- This site is optimized with the Yoast SEO plugin v27.3 - https:\/\/yoast.com\/product\/yoast-seo-wordpress\/ -->\n<title>C\u00f3digo de Conduta em Armazenamento | Normas e Regulamentos da OSS Mozambique<\/title>\n<meta name=\"description\" content=\"Todas as solu\u00e7\u00f5es de armazenamento oferecidas pela OSS Mozambique correspondem aos padr\u00f5es, normas e regulamentos estabelecidos pelas autoridades locais. Seguimos objectivos ambientais e respeitamos os mais elevados padr\u00f5es de seguran\u00e7a e conforto.\" \/>\n<meta name=\"robots\" content=\"index, follow, max-snippet:-1, max-image-preview:large, max-video-preview:-1\" \/>\n<link rel=\"canonical\" href=\"https:\/\/ossmozambique.com\/pt-pt\/codigo-de-conduta\/\" \/>\n<meta property=\"og:locale\" content=\"pt_PT\" \/>\n<meta property=\"og:type\" content=\"article\" \/>\n<meta property=\"og:title\" content=\"C\u00f3digo de Conduta em Armazenamento | Normas e Regulamentos da OSS Mozambique\" \/>\n<meta property=\"og:description\" content=\"Todas as solu\u00e7\u00f5es de armazenamento oferecidas pela OSS Mozambique correspondem aos padr\u00f5es, normas e regulamentos estabelecidos pelas autoridades locais. Seguimos objectivos ambientais e respeitamos os mais elevados padr\u00f5es de seguran\u00e7a e conforto.\" \/>\n<meta property=\"og:url\" content=\"https:\/\/ossmozambique.com\/pt-pt\/codigo-de-conduta\/\" \/>\n<meta property=\"og:site_name\" content=\"Warehousing Solutions &amp; Storage Services in Mozambique\" \/>\n<meta property=\"article:modified_time\" content=\"2016-03-30T18:18:56+00:00\" \/>\n<meta name=\"twitter:card\" content=\"summary_large_image\" \/>\n<script type=\"application\/ld+json\" class=\"yoast-schema-graph\">{\"@context\":\"https:\\\/\\\/schema.org\",\"@graph\":[{\"@type\":\"WebPage\",\"@id\":\"https:\\\/\\\/ossmozambique.com\\\/pt-pt\\\/codigo-de-conduta\\\/\",\"url\":\"https:\\\/\\\/ossmozambique.com\\\/pt-pt\\\/codigo-de-conduta\\\/\",\"name\":\"C\u00f3digo de Conduta em Armazenamento | Normas e Regulamentos da OSS Mozambique\",\"isPartOf\":{\"@id\":\"https:\\\/\\\/ossmozambique.com\\\/#website\"},\"datePublished\":\"2016-03-30T18:12:16+00:00\",\"dateModified\":\"2016-03-30T18:18:56+00:00\",\"description\":\"Todas as solu\u00e7\u00f5es de armazenamento oferecidas pela OSS Mozambique correspondem aos padr\u00f5es, normas e regulamentos estabelecidos pelas autoridades locais. Seguimos objectivos ambientais e respeitamos os mais elevados padr\u00f5es de seguran\u00e7a e conforto.\",\"breadcrumb\":{\"@id\":\"https:\\\/\\\/ossmozambique.com\\\/pt-pt\\\/codigo-de-conduta\\\/#breadcrumb\"},\"inLanguage\":\"pt-PT\",\"potentialAction\":[{\"@type\":\"ReadAction\",\"target\":[\"https:\\\/\\\/ossmozambique.com\\\/pt-pt\\\/codigo-de-conduta\\\/\"]}]},{\"@type\":\"BreadcrumbList\",\"@id\":\"https:\\\/\\\/ossmozambique.com\\\/pt-pt\\\/codigo-de-conduta\\\/#breadcrumb\",\"itemListElement\":[{\"@type\":\"ListItem\",\"position\":1,\"name\":\"Home\",\"item\":\"https:\\\/\\\/ossmozambique.com\\\/pt-pt\\\/\"},{\"@type\":\"ListItem\",\"position\":2,\"name\":\"C\u00f3digo de Conduta\"}]},{\"@type\":\"WebSite\",\"@id\":\"https:\\\/\\\/ossmozambique.com\\\/#website\",\"url\":\"https:\\\/\\\/ossmozambique.com\\\/\",\"name\":\"Warehousing Solutions &amp; Storage Services in Mozambique\",\"description\":false,\"potentialAction\":[{\"@type\":\"SearchAction\",\"target\":{\"@type\":\"EntryPoint\",\"urlTemplate\":\"https:\\\/\\\/ossmozambique.com\\\/?s={search_term_string}\"},\"query-input\":{\"@type\":\"PropertyValueSpecification\",\"valueRequired\":true,\"valueName\":\"search_term_string\"}}],\"inLanguage\":\"pt-PT\"}]}<\/script>\n<!-- \/ Yoast SEO plugin. -->","yoast_head_json":{"title":"C\u00f3digo de Conduta em Armazenamento | Normas e Regulamentos da OSS Mozambique","description":"Todas as solu\u00e7\u00f5es de armazenamento oferecidas pela OSS Mozambique correspondem aos padr\u00f5es, normas e regulamentos estabelecidos pelas autoridades locais. Seguimos objectivos ambientais e respeitamos os mais elevados padr\u00f5es de seguran\u00e7a e conforto.","robots":{"index":"index","follow":"follow","max-snippet":"max-snippet:-1","max-image-preview":"max-image-preview:large","max-video-preview":"max-video-preview:-1"},"canonical":"https:\/\/ossmozambique.com\/pt-pt\/codigo-de-conduta\/","og_locale":"pt_PT","og_type":"article","og_title":"C\u00f3digo de Conduta em Armazenamento | Normas e Regulamentos da OSS Mozambique","og_description":"Todas as solu\u00e7\u00f5es de armazenamento oferecidas pela OSS Mozambique correspondem aos padr\u00f5es, normas e regulamentos estabelecidos pelas autoridades locais. Seguimos objectivos ambientais e respeitamos os mais elevados padr\u00f5es de seguran\u00e7a e conforto.","og_url":"https:\/\/ossmozambique.com\/pt-pt\/codigo-de-conduta\/","og_site_name":"Warehousing Solutions &amp; Storage Services in Mozambique","article_modified_time":"2016-03-30T18:18:56+00:00","twitter_card":"summary_large_image","schema":{"@context":"https:\/\/schema.org","@graph":[{"@type":"WebPage","@id":"https:\/\/ossmozambique.com\/pt-pt\/codigo-de-conduta\/","url":"https:\/\/ossmozambique.com\/pt-pt\/codigo-de-conduta\/","name":"C\u00f3digo de Conduta em Armazenamento | Normas e Regulamentos da OSS Mozambique","isPartOf":{"@id":"https:\/\/ossmozambique.com\/#website"},"datePublished":"2016-03-30T18:12:16+00:00","dateModified":"2016-03-30T18:18:56+00:00","description":"Todas as solu\u00e7\u00f5es de armazenamento oferecidas pela OSS Mozambique correspondem aos padr\u00f5es, normas e regulamentos estabelecidos pelas autoridades locais. Seguimos objectivos ambientais e respeitamos os mais elevados padr\u00f5es de seguran\u00e7a e conforto.","breadcrumb":{"@id":"https:\/\/ossmozambique.com\/pt-pt\/codigo-de-conduta\/#breadcrumb"},"inLanguage":"pt-PT","potentialAction":[{"@type":"ReadAction","target":["https:\/\/ossmozambique.com\/pt-pt\/codigo-de-conduta\/"]}]},{"@type":"BreadcrumbList","@id":"https:\/\/ossmozambique.com\/pt-pt\/codigo-de-conduta\/#breadcrumb","itemListElement":[{"@type":"ListItem","position":1,"name":"Home","item":"https:\/\/ossmozambique.com\/pt-pt\/"},{"@type":"ListItem","position":2,"name":"C\u00f3digo de Conduta"}]},{"@type":"WebSite","@id":"https:\/\/ossmozambique.com\/#website","url":"https:\/\/ossmozambique.com\/","name":"Warehousing Solutions &amp; Storage Services in Mozambique","description":false,"potentialAction":[{"@type":"SearchAction","target":{"@type":"EntryPoint","urlTemplate":"https:\/\/ossmozambique.com\/?s={search_term_string}"},"query-input":{"@type":"PropertyValueSpecification","valueRequired":true,"valueName":"search_term_string"}}],"inLanguage":"pt-PT"}]}},"_links":{"self":[{"href":"https:\/\/ossmozambique.com\/pt-pt\/wp-json\/wp\/v2\/pages\/5853","targetHints":{"allow":["GET"]}}],"collection":[{"href":"https:\/\/ossmozambique.com\/pt-pt\/wp-json\/wp\/v2\/pages"}],"about":[{"href":"https:\/\/ossmozambique.com\/pt-pt\/wp-json\/wp\/v2\/types\/page"}],"author":[{"embeddable":true,"href":"https:\/\/ossmozambique.com\/pt-pt\/wp-json\/wp\/v2\/users\/1"}],"replies":[{"embeddable":true,"href":"https:\/\/ossmozambique.com\/pt-pt\/wp-json\/wp\/v2\/comments?post=5853"}],"version-history":[{"count":3,"href":"https:\/\/ossmozambique.com\/pt-pt\/wp-json\/wp\/v2\/pages\/5853\/revisions"}],"predecessor-version":[{"id":5857,"href":"https:\/\/ossmozambique.com\/pt-pt\/wp-json\/wp\/v2\/pages\/5853\/revisions\/5857"}],"wp:attachment":[{"href":"https:\/\/ossmozambique.com\/pt-pt\/wp-json\/wp\/v2\/media?parent=5853"}],"curies":[{"name":"wp","href":"https:\/\/api.w.org\/{rel}","templated":true}]}}